{"id":1823,"date":"2020-11-15T12:12:55","date_gmt":"2020-11-15T12:12:55","guid":{"rendered":"https:\/\/clinicaoftalmologicanebro.com\/?page_id=1823"},"modified":"2020-11-15T18:41:00","modified_gmt":"2020-11-15T18:41:00","slug":"360-tour","status":"publish","type":"page","link":"https:\/\/clinicaoftalmologicanebro.com\/en\/tour-360\/","title":{"rendered":"360\u00b0 Tour"},"content":{"rendered":"<style>.elementor-1823 .elementor-element.elementor-element-a22d950:not(.elementor-motion-effects-element-type-background), .elementor-1823 .elementor-element.elementor-element-a22d950 > .elementor-motion-effects-container > .elementor-motion-effects-layer{background-color:transparent;background-image:linear-gradient(180deg, #172345 0%, #3050AD 100%);}.elementor-1823 .elementor-element.elementor-element-a22d950{transition:background 0.3s, border 0.3s, border-radius 0.3s, box-shadow 0.3s;margin-top:0px;margin-bottom:0px;padding:50px 50px 50px 50px;}.elementor-1823 .elementor-element.elementor-element-a22d950 > .elementor-background-overlay{transition:background 0.3s, border-radius 0.3s, opacity 0.3s;}.elementor-1823 .elementor-element.elementor-element-5fe8f17{text-align:center;}.elementor-1823 .elementor-element.elementor-element-5fe8f17 .elementor-heading-title{font-size:80px;text-transform:uppercase;color:#FFFFFF;}.elementor-1823 .elementor-element.elementor-element-5fe8f17 > .elementor-widget-container{margin:20px 0px 0px 0px;}.elementor-1823 .elementor-element.elementor-element-c357e2d{--divider-border-style:solid;--divider-color:#BDBDBD;--divider-border-width:4px;}.elementor-1823 .elementor-element.elementor-element-c357e2d .elementor-divider-separator{width:50px;margin:0 auto;margin-center:0;}.elementor-1823 .elementor-element.elementor-element-c357e2d .elementor-divider{text-align:center;padding-block-start:15px;padding-block-end:15px;}.elementor-1823 .elementor-element.elementor-element-5f02ade{--spacer-size:151px;}.elementor-1823 .elementor-element.elementor-element-4bb524f{text-align:center;}.elementor-1823 .elementor-element.elementor-element-562e5d6{--spacer-size:151px;}@media(max-width:1024px){.elementor-1823 .elementor-element.elementor-element-5fe8f17 > .elementor-widget-container{margin:0px 0px 0px 0px;padding:10px 0px 0px 0px;}}@media(max-width:767px){.elementor-1823 .elementor-element.elementor-element-5fe8f17 > .elementor-widget-container{padding:0px 0px 0px 0px;}.elementor-1823 .elementor-element.elementor-element-c357e2d .elementor-divider{padding-block-start:6px;padding-block-end:6px;}}\n\n\n\n\n\n\n\n\n\n<\/style>\t\t<div data-elementor-type=\"wp-page\" data-elementor-id=\"1823\" class=\"elementor elementor-1823\" data-elementor-post-type=\"page\">\n\t\t\t\t\t\t<section class=\"elementor-section elementor-top-section elementor-element elementor-element-a22d950 elementor-section-boxed elementor-section-height-default elementor-section-height-default\" data-id=\"a22d950\" data-element_type=\"section\" data-e-type=\"section\" data-settings=\"{&quot;background_background&quot;:&quot;gradient&quot;}\">\n\t\t\t\t\t\t<div class=\"elementor-container elementor-column-gap-default\">\n\t\t\t\t\t<div class=\"elementor-column elementor-col-100 elementor-top-column elementor-element elementor-element-94b2ea4\" data-id=\"94b2ea4\" data-element_type=\"column\" data-e-type=\"column\">\n\t\t\t<div class=\"elementor-widget-wrap elementor-element-populated\">\n\t\t\t\t\t\t<div class=\"elementor-element elementor-element-5fe8f17 elementor-widget elementor-widget-heading\" data-id=\"5fe8f17\" data-element_type=\"widget\" data-e-type=\"widget\" data-widget_type=\"heading.default\">\n\t\t\t\t<div class=\"elementor-widget-container\">\n\t\t\t\t\t<h2 class=\"elementor-heading-title elementor-size-default\">TOUR 360<\/h2>\t\t\t\t<\/div>\n\t\t\t\t<\/div>\n\t\t\t\t<div class=\"elementor-element elementor-element-c357e2d elementor-widget-divider--view-line elementor-widget elementor-widget-divider\" data-id=\"c357e2d\" data-element_type=\"widget\" data-e-type=\"widget\" data-widget_type=\"divider.default\">\n\t\t\t\t<div class=\"elementor-widget-container\">\n\t\t\t\t\t\t\t<div class=\"elementor-divider\">\n\t\t\t<span class=\"elementor-divider-separator\">\n\t\t\t\t\t\t<\/span>\n\t\t<\/div>\n\t\t\t\t\t\t<\/div>\n\t\t\t\t<\/div>\n\t\t\t\t\t<\/div>\n\t\t<\/div>\n\t\t\t\t\t<\/div>\n\t\t<\/section>\n\t\t\t\t<section class=\"elementor-section elementor-top-section elementor-element elementor-element-24774b9 elementor-section-boxed elementor-section-height-default elementor-section-height-default\" data-id=\"24774b9\" data-element_type=\"section\" data-e-type=\"section\">\n\t\t\t\t\t\t<div class=\"elementor-container elementor-column-gap-default\">\n\t\t\t\t\t<div class=\"elementor-column elementor-col-100 elementor-top-column elementor-element elementor-element-a418778\" data-id=\"a418778\" data-element_type=\"column\" data-e-type=\"column\">\n\t\t\t<div class=\"elementor-widget-wrap elementor-element-populated\">\n\t\t\t\t\t\t<div class=\"elementor-element elementor-element-5f02ade elementor-widget elementor-widget-spacer\" data-id=\"5f02ade\" data-element_type=\"widget\" data-e-type=\"widget\" data-widget_type=\"spacer.default\">\n\t\t\t\t<div class=\"elementor-widget-container\">\n\t\t\t\t\t\t\t<div class=\"elementor-spacer\">\n\t\t\t<div class=\"elementor-spacer-inner\"><\/div>\n\t\t<\/div>\n\t\t\t\t\t\t<\/div>\n\t\t\t\t<\/div>\n\t\t\t\t<div class=\"elementor-element elementor-element-4bb524f elementor-widget elementor-widget-text-editor\" data-id=\"4bb524f\" data-element_type=\"widget\" data-e-type=\"widget\" data-widget_type=\"text-editor.default\">\n\t\t\t\t<div class=\"elementor-widget-container\">\n\t\t\t\t\t\t\t\t\t<p>Puede visitar nuestras instalaciones a trav\u00e9s de este tour virtual 360, para ello desplace el cursor en cualquier direcci\u00f3n y obtendr\u00e1 una vista 360<\/p>\t\t\t\t\t\t\t\t<\/div>\n\t\t\t\t<\/div>\n\t\t\t\t<div class=\"elementor-element elementor-element-501ccda elementor-widget elementor-widget-html\" data-id=\"501ccda\" data-element_type=\"widget\" data-e-type=\"widget\" data-widget_type=\"html.default\">\n\t\t\t\t<div class=\"elementor-widget-container\">\n\t\t\t\t\t[wpvr id=\"1817\"]\t\t\t\t<\/div>\n\t\t\t\t<\/div>\n\t\t\t\t<div class=\"elementor-element elementor-element-562e5d6 elementor-widget elementor-widget-spacer\" data-id=\"562e5d6\" data-element_type=\"widget\" data-e-type=\"widget\" data-widget_type=\"spacer.default\">\n\t\t\t\t<div class=\"elementor-widget-container\">\n\t\t\t\t\t\t\t<div class=\"elementor-spacer\">\n\t\t\t<div class=\"elementor-spacer-inner\"><\/div>\n\t\t<\/div>\n\t\t\t\t\t\t<\/div>\n\t\t\t\t<\/div>\n\t\t\t\t\t<\/div>\n\t\t<\/div>\n\t\t\t\t\t<\/div>\n\t\t<\/section>\n\t\t\t\t<\/div>\n\t\t","protected":false},"excerpt":{"rendered":"<p>TOUR 360 Puede visitar nuestras instalaciones a trav\u00e9s de este tour virtual 360, para ello desplace el cursor en cualquier direcci\u00f3n y obtendr\u00e1 una vista 360 [wpvr id=\u00bb1817&#8243;]<\/p>\n","protected":false},"author":1,"featured_media":0,"parent":0,"menu_order":0,"comment_status":"closed","ping_status":"closed","template":"","meta":{"site-sidebar-layout":"no-sidebar","site-content-layout":"page-builder","ast-site-content-layout":"default","site-content-style":"default","site-sidebar-style":"default","ast-global-header-display":"","ast-banner-title-visibility":"","ast-main-header-display":"","ast-hfb-above-header-display":"","ast-hfb-below-header-display":"","ast-hfb-mobile-header-display":"","site-post-title":"disabled","ast-breadcrumbs-content":"","ast-featured-img":"disabled","footer-sml-layout":"","ast-disable-related-posts":"","theme-transparent-header-meta":"default","adv-header-id-meta":"","stick-header-meta":"default","header-above-stick-meta":"","header-main-stick-meta":"","header-below-stick-meta":"","astra-migrate-meta-layouts":"default","ast-page-background-enabled":"default","ast-page-background-meta":{"desktop":{"background-color":"","background-image":"","background-repeat":"repeat","background-position":"center center","background-size":"auto","background-attachment":"scroll","background-type":"","background-media":"","overlay-type":"","overlay-color":"","overlay-opacity":"","overlay-gradient":""},"tablet":{"background-color":"","background-image":"","background-repeat":"repeat","background-position":"center center","background-size":"auto","background-attachment":"scroll","background-type":"","background-media":"","overlay-type":"","overlay-color":"","overlay-opacity":"","overlay-gradient":""},"mobile":{"background-color":"","background-image":"","background-repeat":"repeat","background-position":"center center","background-size":"auto","background-attachment":"scroll","background-type":"","background-media":"","overlay-type":"","overlay-color":"","overlay-opacity":"","overlay-gradient":""}},"ast-content-background-meta":{"desktop":{"background-color":"var(--ast-global-color-5)","background-image":"","background-repeat":"repeat","background-position":"center center","background-size":"auto","background-attachment":"scroll","background-type":"","background-media":"","overlay-type":"","overlay-color":"","overlay-opacity":"","overlay-gradient":""},"tablet":{"background-color":"var(--ast-global-color-5)","background-image":"","background-repeat":"repeat","background-position":"center center","background-size":"auto","background-attachment":"scroll","background-type":"","background-media":"","overlay-type":"","overlay-color":"","overlay-opacity":"","overlay-gradient":""},"mobile":{"background-color":"var(--ast-global-color-5)","background-image":"","background-repeat":"repeat","background-position":"center center","background-size":"auto","background-attachment":"scroll","background-type":"","background-media":"","overlay-type":"","overlay-color":"","overlay-opacity":"","overlay-gradient":""}},"_mbp_gutenberg_autopost":false,"footnotes":""},"class_list":["post-1823","page","type-page","status-publish","hentry","ast-col-sm-12","ast-article-post","ast-col-md-12"],"yoast_head":"<!-- This site is optimized with the Yoast SEO plugin v27.4 - https:\/\/yoast.com\/product\/yoast-seo-wordpress\/ -->\n<title>Cirug\u00eda de Cataratas en Fuengirola - Cl\u00ednica Dr. Salvador Nebro Cobos<\/title>\n<meta name=\"description\" content=\"Operaci\u00f3n de cataratas en Fuengirola. Implante de lentes intraoculares. Recuperaci\u00f3n r\u00e1pida, intervenci\u00f3n 20 minutos Calidad y Garantia\" \/>\n<meta name=\"robots\" content=\"index, follow, max-snippet:-1, max-image-preview:large, max-video-preview:-1\" \/>\n<link rel=\"canonical\" href=\"https:\/\/clinicaoftalmologicanebro.com\/en\/360-tour\/\" \/>\n<meta property=\"og:locale\" content=\"en_GB\" \/>\n<meta property=\"og:type\" content=\"article\" \/>\n<meta property=\"og:title\" content=\"Cirug\u00eda de Cataratas en Fuengirola - Cl\u00ednica Dr. Salvador Nebro Cobos\" \/>\n<meta property=\"og:description\" content=\"Operaci\u00f3n de cataratas en Fuengirola. Implante de lentes intraoculares. Recuperaci\u00f3n r\u00e1pida, intervenci\u00f3n 20 minutos Calidad y Garantia\" \/>\n<meta property=\"og:url\" content=\"https:\/\/clinicaoftalmologicanebro.com\/en\/360-tour\/\" \/>\n<meta property=\"og:site_name\" content=\"Salvador Nebro Cobos | Oftalm\u00f3logo en Fuengirola\" \/>\n<meta property=\"article:modified_time\" content=\"2020-11-15T18:41:00+00:00\" \/>\n<meta name=\"twitter:card\" content=\"summary_large_image\" \/>\n<script type=\"application\/ld+json\" class=\"yoast-schema-graph\">{\"@context\":\"https:\\\/\\\/schema.org\",\"@graph\":[{\"@type\":\"WebPage\",\"@id\":\"https:\\\/\\\/clinicaoftalmologicanebro.com\\\/tour-360\\\/\",\"url\":\"https:\\\/\\\/clinicaoftalmologicanebro.com\\\/tour-360\\\/\",\"name\":\"Cirug\u00eda de Cataratas en Fuengirola - Cl\u00ednica Dr. Salvador Nebro Cobos\",\"isPartOf\":{\"@id\":\"https:\\\/\\\/clinicaoftalmologicanebro.com\\\/#website\"},\"datePublished\":\"2020-11-15T12:12:55+00:00\",\"dateModified\":\"2020-11-15T18:41:00+00:00\",\"description\":\"Operaci\u00f3n de cataratas en Fuengirola. Implante de lentes intraoculares. Recuperaci\u00f3n r\u00e1pida, intervenci\u00f3n 20 minutos Calidad y Garantia\",\"breadcrumb\":{\"@id\":\"https:\\\/\\\/clinicaoftalmologicanebro.com\\\/tour-360\\\/#breadcrumb\"},\"inLanguage\":\"en-GB\",\"potentialAction\":[{\"@type\":\"ReadAction\",\"target\":[\"https:\\\/\\\/clinicaoftalmologicanebro.com\\\/tour-360\\\/\"]}]},{\"@type\":\"BreadcrumbList\",\"@id\":\"https:\\\/\\\/clinicaoftalmologicanebro.com\\\/tour-360\\\/#breadcrumb\",\"itemListElement\":[{\"@type\":\"ListItem\",\"position\":1,\"name\":\"Portada\",\"item\":\"https:\\\/\\\/clinicaoftalmologicanebro.com\\\/\"},{\"@type\":\"ListItem\",\"position\":2,\"name\":\"Tour 360\"}]},{\"@type\":\"WebSite\",\"@id\":\"https:\\\/\\\/clinicaoftalmologicanebro.com\\\/#website\",\"url\":\"https:\\\/\\\/clinicaoftalmologicanebro.com\\\/\",\"name\":\"Salvador Nebro Cobos | Oftalm\u00f3logo en Fuengirola\",\"description\":\"Cl\u00ednica Oftalmol\u00f3gica en Fuengirola\",\"publisher\":{\"@id\":\"https:\\\/\\\/clinicaoftalmologicanebro.com\\\/#organization\"},\"potentialAction\":[{\"@type\":\"SearchAction\",\"target\":{\"@type\":\"EntryPoint\",\"urlTemplate\":\"https:\\\/\\\/clinicaoftalmologicanebro.com\\\/?s={search_term_string}\"},\"query-input\":{\"@type\":\"PropertyValueSpecification\",\"valueRequired\":true,\"valueName\":\"search_term_string\"}}],\"inLanguage\":\"en-GB\"},{\"@type\":\"Organization\",\"@id\":\"https:\\\/\\\/clinicaoftalmologicanebro.com\\\/#organization\",\"name\":\"Salvador Nebro Cobos | Oftalm\u00f3logo en Fuengirola\",\"url\":\"https:\\\/\\\/clinicaoftalmologicanebro.com\\\/\",\"logo\":{\"@type\":\"ImageObject\",\"inLanguage\":\"en-GB\",\"@id\":\"https:\\\/\\\/clinicaoftalmologicanebro.com\\\/#\\\/schema\\\/logo\\\/image\\\/\",\"url\":\"https:\\\/\\\/clinicaoftalmologicanebro.com\\\/wp-content\\\/uploads\\\/2023\\\/12\\\/cropped-salvador-nebro-cobos-logo.png\",\"contentUrl\":\"https:\\\/\\\/clinicaoftalmologicanebro.com\\\/wp-content\\\/uploads\\\/2023\\\/12\\\/cropped-salvador-nebro-cobos-logo.png\",\"width\":394,\"height\":80,\"caption\":\"Salvador Nebro Cobos | Oftalm\u00f3logo en Fuengirola\"},\"image\":{\"@id\":\"https:\\\/\\\/clinicaoftalmologicanebro.com\\\/#\\\/schema\\\/logo\\\/image\\\/\"}}]}<\/script>\n<!-- \/ Yoast SEO plugin. -->","yoast_head_json":{"title":"Cataract Surgery in Fuengirola - Clinica Dr. Salvador Nebro Cobos","description":"Cataract surgery in Fuengirola. Intraocular lens implantation. Fast recovery, 20 minutes intervention. Quality and Guarantee.","robots":{"index":"index","follow":"follow","max-snippet":"max-snippet:-1","max-image-preview":"max-image-preview:large","max-video-preview":"max-video-preview:-1"},"canonical":"https:\/\/clinicaoftalmologicanebro.com\/en\/360-tour\/","og_locale":"en_GB","og_type":"article","og_title":"Cirug\u00eda de Cataratas en Fuengirola - Cl\u00ednica Dr. Salvador Nebro Cobos","og_description":"Operaci\u00f3n de cataratas en Fuengirola. Implante de lentes intraoculares. Recuperaci\u00f3n r\u00e1pida, intervenci\u00f3n 20 minutos Calidad y Garantia","og_url":"https:\/\/clinicaoftalmologicanebro.com\/en\/360-tour\/","og_site_name":"Salvador Nebro Cobos | Oftalm\u00f3logo en Fuengirola","article_modified_time":"2020-11-15T18:41:00+00:00","twitter_card":"summary_large_image","schema":{"@context":"https:\/\/schema.org","@graph":[{"@type":"WebPage","@id":"https:\/\/clinicaoftalmologicanebro.com\/tour-360\/","url":"https:\/\/clinicaoftalmologicanebro.com\/tour-360\/","name":"Cataract Surgery in Fuengirola - Clinica Dr. Salvador Nebro Cobos","isPartOf":{"@id":"https:\/\/clinicaoftalmologicanebro.com\/#website"},"datePublished":"2020-11-15T12:12:55+00:00","dateModified":"2020-11-15T18:41:00+00:00","description":"Cataract surgery in Fuengirola. Intraocular lens implantation. Fast recovery, 20 minutes intervention. Quality and Guarantee.","breadcrumb":{"@id":"https:\/\/clinicaoftalmologicanebro.com\/tour-360\/#breadcrumb"},"inLanguage":"en-GB","potentialAction":[{"@type":"ReadAction","target":["https:\/\/clinicaoftalmologicanebro.com\/tour-360\/"]}]},{"@type":"BreadcrumbList","@id":"https:\/\/clinicaoftalmologicanebro.com\/tour-360\/#breadcrumb","itemListElement":[{"@type":"ListItem","position":1,"name":"Portada","item":"https:\/\/clinicaoftalmologicanebro.com\/"},{"@type":"ListItem","position":2,"name":"Tour 360"}]},{"@type":"WebSite","@id":"https:\/\/clinicaoftalmologicanebro.com\/#website","url":"https:\/\/clinicaoftalmologicanebro.com\/","name":"Salvador Nebro Cobos | Ophthalmologist in Fuengirola","description":"Ophthalmology Clinic in Fuengirola","publisher":{"@id":"https:\/\/clinicaoftalmologicanebro.com\/#organization"},"potentialAction":[{"@type":"SearchAction","target":{"@type":"EntryPoint","urlTemplate":"https:\/\/clinicaoftalmologicanebro.com\/?s={search_term_string}"},"query-input":{"@type":"PropertyValueSpecification","valueRequired":true,"valueName":"search_term_string"}}],"inLanguage":"en-GB"},{"@type":"Organization","@id":"https:\/\/clinicaoftalmologicanebro.com\/#organization","name":"Salvador Nebro Cobos | Ophthalmologist in Fuengirola","url":"https:\/\/clinicaoftalmologicanebro.com\/","logo":{"@type":"ImageObject","inLanguage":"en-GB","@id":"https:\/\/clinicaoftalmologicanebro.com\/#\/schema\/logo\/image\/","url":"https:\/\/clinicaoftalmologicanebro.com\/wp-content\/uploads\/2023\/12\/cropped-salvador-nebro-cobos-logo.png","contentUrl":"https:\/\/clinicaoftalmologicanebro.com\/wp-content\/uploads\/2023\/12\/cropped-salvador-nebro-cobos-logo.png","width":394,"height":80,"caption":"Salvador Nebro Cobos | Oftalm\u00f3logo en Fuengirola"},"image":{"@id":"https:\/\/clinicaoftalmologicanebro.com\/#\/schema\/logo\/image\/"}}]}},"_links":{"self":[{"href":"https:\/\/clinicaoftalmologicanebro.com\/en\/wp-json\/wp\/v2\/pages\/1823","targetHints":{"allow":["GET"]}}],"collection":[{"href":"https:\/\/clinicaoftalmologicanebro.com\/en\/wp-json\/wp\/v2\/pages"}],"about":[{"href":"https:\/\/clinicaoftalmologicanebro.com\/en\/wp-json\/wp\/v2\/types\/page"}],"author":[{"embeddable":true,"href":"https:\/\/clinicaoftalmologicanebro.com\/en\/wp-json\/wp\/v2\/users\/1"}],"replies":[{"embeddable":true,"href":"https:\/\/clinicaoftalmologicanebro.com\/en\/wp-json\/wp\/v2\/comments?post=1823"}],"version-history":[{"count":0,"href":"https:\/\/clinicaoftalmologicanebro.com\/en\/wp-json\/wp\/v2\/pages\/1823\/revisions"}],"wp:attachment":[{"href":"https:\/\/clinicaoftalmologicanebro.com\/en\/wp-json\/wp\/v2\/media?parent=1823"}],"curies":[{"name":"wp","href":"https:\/\/api.w.org\/{rel}","templated":true}]}}